{"id":2,"date":"2024-09-23T16:02:06","date_gmt":"2024-09-23T16:02:06","guid":{"rendered":"https:\/\/itaraoro.rkinformatika.online\/?page_id=2"},"modified":"2024-10-11T07:22:40","modified_gmt":"2024-10-11T07:22:40","slug":"inicio","status":"publish","type":"page","link":"https:\/\/muellebarrialaarena.com\/eu\/","title":{"rendered":"HASIERA"},"content":{"rendered":"\t\t<div data-elementor-type=\"wp-page\" data-elementor-id=\"2\" class=\"elementor elementor-2\" data-elementor-post-type=\"page\">\n\t\t\t\t<div class=\"elementor-element elementor-element-85362ec e-con-full e-flex e-con e-parent\" data-id=\"85362ec\" data-element_type=\"container\" data-e-type=\"container\" data-settings=\"{&quot;background_background&quot;:&quot;slideshow&quot;,&quot;background_slideshow_gallery&quot;:[{&quot;id&quot;:382,&quot;url&quot;:&quot;https:\\\/\\\/muellebarrialaarena.com\\\/wp-content\\\/uploads\\\/2024\\\/10\\\/Design-sem-nome-1.png&quot;},{&quot;id&quot;:384,&quot;url&quot;:&quot;https:\\\/\\\/muellebarrialaarena.com\\\/wp-content\\\/uploads\\\/2024\\\/10\\\/Design-sem-nome-2.png&quot;}],&quot;background_slideshow_loop&quot;:&quot;yes&quot;,&quot;background_slideshow_slide_duration&quot;:5000,&quot;background_slideshow_slide_transition&quot;:&quot;fade&quot;,&quot;background_slideshow_transition_duration&quot;:500}\">\n\t\t\t\t<div class=\"elementor-element elementor-element-54010a2 elementor-widget elementor-widget-heading\" data-id=\"54010a2\" data-element_type=\"widget\" data-e-type=\"widget\" data-settings=\"{&quot;_animation_mobile&quot;:&quot;fadeIn&quot;}\" data-widget_type=\"heading.default\">\n\t\t\t\t<div class=\"elementor-widget-container\">\n\t\t\t\t\t<h2 class=\"elementor-heading-title elementor-size-default\">Asador de Pescados a La Parrilla<\/h2>\t\t\t\t<\/div>\n\t\t\t\t<\/div>\n\t\t\t\t<\/div>\n\t\t<div class=\"elementor-element elementor-element-bba8a49 e-flex e-con-boxed e-con e-parent\" data-id=\"bba8a49\" data-element_type=\"container\" data-e-type=\"container\">\n\t\t\t\t\t<div class=\"e-con-inner\">\n\t\t<div class=\"elementor-element elementor-element-35a7813 e-con-full e-flex e-con e-child\" data-id=\"35a7813\" data-element_type=\"container\" data-e-type=\"container\" data-settings=\"{&quot;background_background&quot;:&quot;classic&quot;}\">\n\t\t\t\t<div class=\"elementor-element elementor-element-e2143e5 elementor-widget elementor-widget-heading\" data-id=\"e2143e5\" data-element_type=\"widget\" data-e-type=\"widget\" data-widget_type=\"heading.default\">\n\t\t\t\t<div class=\"elementor-widget-container\">\n\t\t\t\t\t<h2 class=\"elementor-heading-title elementor-size-default\">Nuestra Historia<\/h2>\t\t\t\t<\/div>\n\t\t\t\t<\/div>\n\t\t\t\t<div class=\"elementor-element elementor-element-242f23a elementor-widget elementor-widget-heading\" data-id=\"242f23a\" data-element_type=\"widget\" data-e-type=\"widget\" data-widget_type=\"heading.default\">\n\t\t\t\t<div class=\"elementor-widget-container\">\n\t\t\t\t\t<h2 class=\"elementor-heading-title elementor-size-default\">Tradici\u00f3n, Confianza y Valor<\/h2>\t\t\t\t<\/div>\n\t\t\t\t<\/div>\n\t\t\t\t<div class=\"elementor-element elementor-element-2fd20b7 elementor-widget elementor-widget-text-editor\" data-id=\"2fd20b7\" data-element_type=\"widget\" data-e-type=\"widget\" data-widget_type=\"text-editor.default\">\n\t\t\t\t<div class=\"elementor-widget-container\">\n\t\t\t\t\t\t\t\t\t<p>Durante 50 a\u00f1os, el Asador el Muelle estuvo situado en el Puerto de Zierbena, consolid\u00e1ndose como uno de los asadores referentes de la zona, y proporcionando una experiencia tradicional, exclusivamente en los meses de verano.<\/p><p>Muelle Barria, situado en el Barrio La Arena, tambi\u00e9n en Zierbena, es una apuesta por mantener la esencia del antiguo asador, pero en un local m\u00e1s moderno, y que nos permite mantener nuestros servicios, tambi\u00e9n durante el resto del a\u00f1o.<\/p>\t\t\t\t\t\t\t\t<\/div>\n\t\t\t\t<\/div>\n\t\t\t\t<\/div>\n\t\t<div class=\"elementor-element elementor-element-4f62ff8 e-con-full elementor-hidden-tablet elementor-hidden-mobile e-flex e-con e-child\" data-id=\"4f62ff8\" data-element_type=\"container\" data-e-type=\"container\" data-settings=\"{&quot;background_background&quot;:&quot;classic&quot;}\">\n\t\t\t\t<\/div>\n\t\t\t\t\t<\/div>\n\t\t\t\t<\/div>\n\t\t<div class=\"elementor-element elementor-element-92be399 e-flex e-con-boxed e-con e-parent\" data-id=\"92be399\" data-element_type=\"container\" data-e-type=\"container\" data-settings=\"{&quot;background_background&quot;:&quot;classic&quot;}\">\n\t\t\t\t\t<div class=\"e-con-inner\">\n\t\t\t\t<div class=\"elementor-element elementor-element-77495b7 elementor-widget elementor-widget-heading\" data-id=\"77495b7\" data-element_type=\"widget\" data-e-type=\"widget\" data-widget_type=\"heading.default\">\n\t\t\t\t<div class=\"elementor-widget-container\">\n\t\t\t\t\t<h2 class=\"elementor-heading-title elementor-size-default\">Qu\u00e9 ofrecemos<\/h2>\t\t\t\t<\/div>\n\t\t\t\t<\/div>\n\t\t\t\t<div class=\"elementor-element elementor-element-efd5889 elementor-widget elementor-widget-text-editor\" data-id=\"efd5889\" data-element_type=\"widget\" data-e-type=\"widget\" data-widget_type=\"text-editor.default\">\n\t\t\t\t<div class=\"elementor-widget-container\">\n\t\t\t\t\t\t\t\t\t<p>Nuestra carta se divide en tres categor\u00edas. Entrantes, pescados a la parrilla y postres.<\/p><p>Entre los primeros destacan los mejillones con salsa picante, receta que se ha mantenido inalterada a lo largo de los a\u00f1os, caracolillos, langostinos y zamburi\u00f1as a la plancha, salpic\u00f3n de marisco y ensalada de lechuga, tomate y cebolla. Todos ellos elaborados con productos de primera calidad.<\/p><p>En cuanto a los pescados, ofrecemos una amplia gama de productos de temporada, que abarca desde los m\u00e1s sencillos pero no por ello menos exquisitos como el txitxarro, hasta el rey conocido por su delicadeza y extraordinario sabor. No dejes de probar lubinas, besugos, machotes, rodaballos, dentones, mojarras, kabratxo de roca y Kabra de altura, a disposici\u00f3n seg\u00fan mercado. Coronando toda nuestra oferta y favorita de nuestros clientes est\u00e1 la ijada de bonito, manjar que no te dejar\u00e1 indiferente. Todos ellos asados a la parrilla, con carb\u00f3n vegetal de encina, y rematados con un refrito compuesto de aceite de oliva virgen extra, ajo y guindilla.<\/p><p>Y para terminar, nada como uno de nuestros postres caseros. Tarta de queso, tarta de cuajada, goxua y flan de queso. Si lo prefieres disfruta de un buen valenciano, un escoc\u00e9s o un dulce helado que pondr\u00e1 el broche de oro a tu visita.<\/p>\t\t\t\t\t\t\t\t<\/div>\n\t\t\t\t<\/div>\n\t\t\t\t\t<\/div>\n\t\t\t\t<\/div>\n\t\t\t\t<\/div>\n\t\t","protected":false},"excerpt":{"rendered":"<p>Asador de Pescados a La Parrilla Nuestra Historia Tradici\u00f3n, Confianza y Valor Durante 50 a\u00f1os, el Asador el Muelle estuvo situado en el Puerto de Zierbena, consolid\u00e1ndose como uno de los asadores referentes de la zona, y proporcionando una experiencia tradicional, exclusivamente en los meses de verano. Muelle Barria, situado en el Barrio La Arena, [&hellip;]<\/p>\n","protected":false},"author":2,"featured_media":0,"parent":0,"menu_order":0,"comment_status":"closed","ping_status":"closed","template":"","meta":{"footnotes":""},"class_list":["post-2","page","type-page","status-publish","hentry"],"yoast_head":"<!-- This site is optimized with the Yoast SEO plugin v27.3 - https:\/\/yoast.com\/product\/yoast-seo-wordpress\/ -->\n<title>INICIO - MUELLE BARRIA<\/title>\n<meta name=\"robots\" content=\"index, follow, max-snippet:-1, max-image-preview:large, max-video-preview:-1\" \/>\n<link rel=\"canonical\" href=\"https:\/\/muellebarrialaarena.com\/eu\/\" \/>\n<meta property=\"og:locale\" content=\"en_US\" \/>\n<meta property=\"og:type\" content=\"article\" \/>\n<meta property=\"og:title\" content=\"INICIO - MUELLE BARRIA\" \/>\n<meta property=\"og:description\" content=\"Asador de Pescados a La Parrilla Nuestra Historia Tradici\u00f3n, Confianza y Valor Durante 50 a\u00f1os, el Asador el Muelle estuvo situado en el Puerto de Zierbena, consolid\u00e1ndose como uno de los asadores referentes de la zona, y proporcionando una experiencia tradicional, exclusivamente en los meses de verano. Muelle Barria, situado en el Barrio La Arena, [&hellip;]\" \/>\n<meta property=\"og:url\" content=\"https:\/\/muellebarrialaarena.com\/eu\/\" \/>\n<meta property=\"og:site_name\" content=\"MUELLE BARRIA\" \/>\n<meta property=\"article:modified_time\" content=\"2024-10-11T07:22:40+00:00\" \/>\n<meta name=\"twitter:card\" content=\"summary_large_image\" \/>\n<meta name=\"twitter:label1\" content=\"Est. reading time\" \/>\n\t<meta name=\"twitter:data1\" content=\"2 minutua\" \/>\n<script type=\"application\/ld+json\" class=\"yoast-schema-graph\">{\"@context\":\"https:\\\/\\\/schema.org\",\"@graph\":[{\"@type\":\"WebPage\",\"@id\":\"https:\\\/\\\/muellebarrialaarena.com\\\/\",\"url\":\"https:\\\/\\\/muellebarrialaarena.com\\\/\",\"name\":\"INICIO - MUELLE BARRIA\",\"isPartOf\":{\"@id\":\"https:\\\/\\\/muellebarrialaarena.com\\\/#website\"},\"datePublished\":\"2024-09-23T16:02:06+00:00\",\"dateModified\":\"2024-10-11T07:22:40+00:00\",\"breadcrumb\":{\"@id\":\"https:\\\/\\\/muellebarrialaarena.com\\\/#breadcrumb\"},\"inLanguage\":\"eu\",\"potentialAction\":[{\"@type\":\"ReadAction\",\"target\":[\"https:\\\/\\\/muellebarrialaarena.com\\\/\"]}]},{\"@type\":\"BreadcrumbList\",\"@id\":\"https:\\\/\\\/muellebarrialaarena.com\\\/#breadcrumb\",\"itemListElement\":[{\"@type\":\"ListItem\",\"position\":1,\"name\":\"Portada\",\"item\":\"https:\\\/\\\/muellebarrialaarena.com\\\/\"},{\"@type\":\"ListItem\",\"position\":2,\"name\":\"INICIO\"}]},{\"@type\":\"WebSite\",\"@id\":\"https:\\\/\\\/muellebarrialaarena.com\\\/#website\",\"url\":\"https:\\\/\\\/muellebarrialaarena.com\\\/\",\"name\":\"MUELLE BARRIA\",\"description\":\"Compraventa de oro, plata y joyas\",\"publisher\":{\"@id\":\"https:\\\/\\\/muellebarrialaarena.com\\\/#organization\"},\"potentialAction\":[{\"@type\":\"SearchAction\",\"target\":{\"@type\":\"EntryPoint\",\"urlTemplate\":\"https:\\\/\\\/muellebarrialaarena.com\\\/?s={search_term_string}\"},\"query-input\":{\"@type\":\"PropertyValueSpecification\",\"valueRequired\":true,\"valueName\":\"search_term_string\"}}],\"inLanguage\":\"eu\"},{\"@type\":\"Organization\",\"@id\":\"https:\\\/\\\/muellebarrialaarena.com\\\/#organization\",\"name\":\"MUELLE BARRIA\",\"url\":\"https:\\\/\\\/muellebarrialaarena.com\\\/\",\"logo\":{\"@type\":\"ImageObject\",\"inLanguage\":\"eu\",\"@id\":\"https:\\\/\\\/muellebarrialaarena.com\\\/#\\\/schema\\\/logo\\\/image\\\/\",\"url\":\"https:\\\/\\\/muellebarrialaarena.com\\\/wp-content\\\/uploads\\\/2024\\\/10\\\/cropped-Muelle-Barria-Logo_logo_arriba-1.png\",\"contentUrl\":\"https:\\\/\\\/muellebarrialaarena.com\\\/wp-content\\\/uploads\\\/2024\\\/10\\\/cropped-Muelle-Barria-Logo_logo_arriba-1.png\",\"width\":1080,\"height\":394,\"caption\":\"MUELLE BARRIA\"},\"image\":{\"@id\":\"https:\\\/\\\/muellebarrialaarena.com\\\/#\\\/schema\\\/logo\\\/image\\\/\"}}]}<\/script>\n<!-- \/ Yoast SEO plugin. -->","yoast_head_json":{"title":"INICIO - MUELLE BARRIA","robots":{"index":"index","follow":"follow","max-snippet":"max-snippet:-1","max-image-preview":"max-image-preview:large","max-video-preview":"max-video-preview:-1"},"canonical":"https:\/\/muellebarrialaarena.com\/eu\/","og_locale":"en_US","og_type":"article","og_title":"INICIO - MUELLE BARRIA","og_description":"Asador de Pescados a La Parrilla Nuestra Historia Tradici\u00f3n, Confianza y Valor Durante 50 a\u00f1os, el Asador el Muelle estuvo situado en el Puerto de Zierbena, consolid\u00e1ndose como uno de los asadores referentes de la zona, y proporcionando una experiencia tradicional, exclusivamente en los meses de verano. Muelle Barria, situado en el Barrio La Arena, [&hellip;]","og_url":"https:\/\/muellebarrialaarena.com\/eu\/","og_site_name":"MUELLE BARRIA","article_modified_time":"2024-10-11T07:22:40+00:00","twitter_card":"summary_large_image","twitter_misc":{"Est. reading time":"2 minutua"},"schema":{"@context":"https:\/\/schema.org","@graph":[{"@type":"WebPage","@id":"https:\/\/muellebarrialaarena.com\/","url":"https:\/\/muellebarrialaarena.com\/","name":"INICIO - MUELLE BARRIA","isPartOf":{"@id":"https:\/\/muellebarrialaarena.com\/#website"},"datePublished":"2024-09-23T16:02:06+00:00","dateModified":"2024-10-11T07:22:40+00:00","breadcrumb":{"@id":"https:\/\/muellebarrialaarena.com\/#breadcrumb"},"inLanguage":"eu","potentialAction":[{"@type":"ReadAction","target":["https:\/\/muellebarrialaarena.com\/"]}]},{"@type":"BreadcrumbList","@id":"https:\/\/muellebarrialaarena.com\/#breadcrumb","itemListElement":[{"@type":"ListItem","position":1,"name":"Portada","item":"https:\/\/muellebarrialaarena.com\/"},{"@type":"ListItem","position":2,"name":"INICIO"}]},{"@type":"WebSite","@id":"https:\/\/muellebarrialaarena.com\/#website","url":"https:\/\/muellebarrialaarena.com\/","name":"MUELLE BARRIA","description":"Compraventa de oro, plata y joyas","publisher":{"@id":"https:\/\/muellebarrialaarena.com\/#organization"},"potentialAction":[{"@type":"SearchAction","target":{"@type":"EntryPoint","urlTemplate":"https:\/\/muellebarrialaarena.com\/?s={search_term_string}"},"query-input":{"@type":"PropertyValueSpecification","valueRequired":true,"valueName":"search_term_string"}}],"inLanguage":"eu"},{"@type":"Organization","@id":"https:\/\/muellebarrialaarena.com\/#organization","name":"MUELLE BARRIA","url":"https:\/\/muellebarrialaarena.com\/","logo":{"@type":"ImageObject","inLanguage":"eu","@id":"https:\/\/muellebarrialaarena.com\/#\/schema\/logo\/image\/","url":"https:\/\/muellebarrialaarena.com\/wp-content\/uploads\/2024\/10\/cropped-Muelle-Barria-Logo_logo_arriba-1.png","contentUrl":"https:\/\/muellebarrialaarena.com\/wp-content\/uploads\/2024\/10\/cropped-Muelle-Barria-Logo_logo_arriba-1.png","width":1080,"height":394,"caption":"MUELLE BARRIA"},"image":{"@id":"https:\/\/muellebarrialaarena.com\/#\/schema\/logo\/image\/"}}]}},"_links":{"self":[{"href":"https:\/\/muellebarrialaarena.com\/eu\/wp-json\/wp\/v2\/pages\/2","targetHints":{"allow":["GET"]}}],"collection":[{"href":"https:\/\/muellebarrialaarena.com\/eu\/wp-json\/wp\/v2\/pages"}],"about":[{"href":"https:\/\/muellebarrialaarena.com\/eu\/wp-json\/wp\/v2\/types\/page"}],"author":[{"embeddable":true,"href":"https:\/\/muellebarrialaarena.com\/eu\/wp-json\/wp\/v2\/users\/2"}],"replies":[{"embeddable":true,"href":"https:\/\/muellebarrialaarena.com\/eu\/wp-json\/wp\/v2\/comments?post=2"}],"version-history":[{"count":158,"href":"https:\/\/muellebarrialaarena.com\/eu\/wp-json\/wp\/v2\/pages\/2\/revisions"}],"predecessor-version":[{"id":650,"href":"https:\/\/muellebarrialaarena.com\/eu\/wp-json\/wp\/v2\/pages\/2\/revisions\/650"}],"wp:attachment":[{"href":"https:\/\/muellebarrialaarena.com\/eu\/wp-json\/wp\/v2\/media?parent=2"}],"curies":[{"name":"wp","href":"https:\/\/api.w.org\/{rel}","templated":true}]}}